{"id":313,"date":"2011-07-10T00:23:39","date_gmt":"2011-07-09T22:23:39","guid":{"rendered":"http:\/\/purjekas.planet.ee\/?page_id=313"},"modified":"2015-11-12T12:58:33","modified_gmt":"2015-11-12T10:58:33","slug":"eesti-keeles","status":"publish","type":"page","link":"https:\/\/purjekas.planet.ee\/?page_id=313","title":{"rendered":"Eesti keeles"},"content":{"rendered":"<p><a href=\"http:\/\/purjekas.planet.ee\/?page_id=94\">Projektist<\/a> &#8211; miks tegeleme purjekaehitusega? Kes oleme?<\/p>\n<p><a href=\"http:\/\/purjekas.planet.ee\/?page_id=80\">Ehitusblogi<\/a> &#8211; loe meie purjeka ehitusblogi.<\/p>\n<p><a href=\"http:\/\/purjekas.planet.ee\/?page_id=203\">Laevaehitusleksikon<\/a> &#8211; l\u00fchike kokkuv\u00f5te s\u00f5navarast, mis v\u00f5ib laevaehituse juures juhtme vussi ajada.<\/p>\n<p><a href=\"http:\/\/purjekas.planet.ee\/?page_id=205\">Meremehes\u00f5lmed<\/a> &#8211; video\u00f5petused t\u00e4htsamatele merel vajalikele s\u00f5lmedele.<\/p>\n","protected":false},"excerpt":{"rendered":"<p>Projektist &#8211; miks tegeleme purjekaehitusega? Kes oleme? Ehitusblogi &#8211; loe meie purjeka ehitusblogi. Laevaehitusleksikon &#8211; l\u00fchike kokkuv\u00f5te s\u00f5navarast, mis v\u00f5ib laevaehituse juures juhtme vussi ajada. Meremehes\u00f5lmed &#8211; video\u00f5petused t\u00e4htsamatele merel vajalikele s\u00f5lmedele.<\/p>\n","protected":false},"author":2,"featured_media":0,"parent":0,"menu_order":3,"comment_status":"open","ping_status":"open","template":"","meta":{"footnotes":""},"class_list":["post-313","page","type-page","status-publish","hentry"],"_links":{"self":[{"href":"https:\/\/purjekas.planet.ee\/index.php?rest_route=\/wp\/v2\/pages\/313"}],"collection":[{"href":"https:\/\/purjekas.planet.ee\/index.php?rest_route=\/wp\/v2\/pages"}],"about":[{"href":"https:\/\/purjekas.planet.ee\/index.php?rest_route=\/wp\/v2\/types\/page"}],"author":[{"embeddable":true,"href":"https:\/\/purjekas.planet.ee\/index.php?rest_route=\/wp\/v2\/users\/2"}],"replies":[{"embeddable":true,"href":"https:\/\/purjekas.planet.ee\/index.php?rest_route=%2Fwp%2Fv2%2Fcomments&post=313"}],"version-history":[{"count":7,"href":"https:\/\/purjekas.planet.ee\/index.php?rest_route=\/wp\/v2\/pages\/313\/revisions"}],"predecessor-version":[{"id":2280,"href":"https:\/\/purjekas.planet.ee\/index.php?rest_route=\/wp\/v2\/pages\/313\/revisions\/2280"}],"wp:attachment":[{"href":"https:\/\/purjekas.planet.ee\/index.php?rest_route=%2Fwp%2Fv2%2Fmedia&parent=313"}],"curies":[{"name":"wp","href":"https:\/\/api.w.org\/{rel}","templated":true}]}}